{"id":51,"date":"2015-09-09T10:27:19","date_gmt":"2015-09-09T10:27:19","guid":{"rendered":"http:\/\/regionalforum-nrw.de\/?page_id=51"},"modified":"2015-09-09T14:37:19","modified_gmt":"2015-09-09T14:37:19","slug":"downloads","status":"publish","type":"page","link":"http:\/\/regionalforum-nrw.de\/?page_id=51","title":{"rendered":"Downloads &#038; Links"},"content":{"rendered":"<h1><strong>Wichtige Downloads und Links zum Thema LEADER<\/strong><\/h1>\n<ul>\n<li><a href=\"https:\/\/www.umwelt.nrw.de\/fileadmin\/redaktion\/PDFs\/landwirtschaft\/laendl_entwicklung\/NRW-Programm_Laendlicher_Raum.pdf\" target=\"_blank\">NRW-Programm L\u00e4ndlicher Raum 2014-2020 (PDF)<\/a><\/li>\n<li><a title=\"Leader-Regionen in Nordrhein-Westfalen (PDF)\" href=\"https:\/\/www.umwelt.nrw.de\/fileadmin\/redaktion\/PDFs\/landwirtschaft\/leader\/LEADER-Regionen_2014-2020.pdf\" target=\"_blank\"> Liste der LEADER-Regionen in Nordrhein-Westfalen (PDF) <\/a><\/li>\n<li><a title=\"Karte der Leader-Regionen in Nordrhein-Westfalen (PDF)\" href=\"https:\/\/www.umwelt.nrw.de\/fileadmin\/redaktion\/PDFs\/landwirtschaft\/leader\/Karte_LEADER-Regionen_2014-2020.pdf\" target=\"_blank\"> Karte der Leader-Regionen in Nordrhein-Westfalen (PDF) <\/a><\/li>\n<li><a href=\"http:\/\/regionalforum-nrw.de\/wp-content\/uploads\/2015\/09\/6-Thesen-regionalFORUM-NRW-2013.pdf\">6 Thesen des regionalFORUM NRW zu LEADER 2014+<\/a><\/li>\n<\/ul>\n<h1>Links zum Thema LEADER<\/h1>\n<ul>\n<li><a href=\"https:\/\/www.umwelt.nrw.de\/laendliche-raeume-landwirtschaft-tierhaltung\/laendliche-raeume\/doerfer-und-regionen\/leader\/\" target=\"_blank\">LEADER-Infos des Umweltministeriums NRW<\/a><\/li>\n<li><a href=\"http:\/\/www.zele.nrw.de\" target=\"_blank\">Zentrum f\u00fcr L\u00e4ndliche Entwicklung (ZeLE) NRW<\/a><\/li>\n<li><a href=\"http:\/\/www.netzwerk-laendlicher-raum.de\/\" target=\"_blank\">dvs Netzwerk L\u00e4ndliche R\u00e4ume<\/a><\/li>\n<li><a href=\"http:\/\/enrd.ec.europa.eu\/de\/home-page_de.cfm\" target=\"_blank\">Europ\u00e4isches Netzwerk f\u00fcr l\u00e4ndliche Entwicklung (ENRD)<\/a><\/li>\n<\/ul>\n","protected":false},"excerpt":{"rendered":"<p>Wichtige Downloads und Links zum Thema LEADER NRW-Programm L\u00e4ndlicher Raum 2014-2020 (PDF) Liste der LEADER-Regionen in Nordrhein-Westfalen (PDF) Karte der Leader-Regionen in Nordrhein-Westfalen (PDF) 6 Thesen des regionalFORUM NRW zu LEADER 2014+ Links zum Thema LEADER LEADER-Infos des Umweltministeriums NRW &hellip; <a href=\"http:\/\/regionalforum-nrw.de\/?page_id=51\">Weiterlesen <span class=\"meta-nav\">&rarr;<\/span><\/a><\/p>\n","protected":false},"author":1,"featured_media":0,"parent":0,"menu_order":0,"comment_status":"closed","ping_status":"closed","template":"","meta":[],"_links":{"self":[{"href":"http:\/\/regionalforum-nrw.de\/index.php?rest_route=\/wp\/v2\/pages\/51"}],"collection":[{"href":"http:\/\/regionalforum-nrw.de\/index.php?rest_route=\/wp\/v2\/pages"}],"about":[{"href":"http:\/\/regionalforum-nrw.de\/index.php?rest_route=\/wp\/v2\/types\/page"}],"author":[{"embeddable":true,"href":"http:\/\/regionalforum-nrw.de\/index.php?rest_route=\/wp\/v2\/users\/1"}],"replies":[{"embeddable":true,"href":"http:\/\/regionalforum-nrw.de\/index.php?rest_route=%2Fwp%2Fv2%2Fcomments&post=51"}],"version-history":[{"count":9,"href":"http:\/\/regionalforum-nrw.de\/index.php?rest_route=\/wp\/v2\/pages\/51\/revisions"}],"predecessor-version":[{"id":117,"href":"http:\/\/regionalforum-nrw.de\/index.php?rest_route=\/wp\/v2\/pages\/51\/revisions\/117"}],"wp:attachment":[{"href":"http:\/\/regionalforum-nrw.de\/index.php?rest_route=%2Fwp%2Fv2%2Fmedia&parent=51"}],"curies":[{"name":"wp","href":"https:\/\/api.w.org\/{rel}","templated":true}]}}