{"id":135,"date":"2015-09-10T10:28:51","date_gmt":"2015-09-10T10:28:51","guid":{"rendered":"http:\/\/regionalforum-nrw.de\/?page_id=135"},"modified":"2015-09-10T10:31:00","modified_gmt":"2015-09-10T10:31:00","slug":"links","status":"publish","type":"page","link":"http:\/\/regionalforum-nrw.de\/?page_id=135","title":{"rendered":"Links"},"content":{"rendered":"<h1>Links zum Thema LEADER<\/h1>\n<ul>\n<li><a href=\"https:\/\/www.umwelt.nrw.de\/laendliche-raeume-landwirtschaft-tierhaltung\/laendliche-raeume\/doerfer-und-regionen\/leader\/\" target=\"_blank\">LEADER-Infos des Umweltministeriums NRW<\/a><\/li>\n<li><a href=\"http:\/\/www.zele.nrw.de\" target=\"_blank\">Zentrum f\u00fcr L\u00e4ndliche Entwicklung (ZeLE) NRW<\/a><\/li>\n<li><a href=\"http:\/\/www.netzwerk-laendlicher-raum.de\/\" target=\"_blank\">dvs Netzwerk L\u00e4ndliche R\u00e4ume<\/a><\/li>\n<li><a href=\"http:\/\/enrd.ec.europa.eu\/de\/home-page_de.cfm\" target=\"_blank\">Europ\u00e4isches Netzwerk f\u00fcr l\u00e4ndliche Entwicklung (ENRD)<\/a><\/li>\n<\/ul>\n","protected":false},"excerpt":{"rendered":"<p>Links zum Thema LEADER LEADER-Infos des Umweltministeriums NRW Zentrum f\u00fcr L\u00e4ndliche Entwicklung (ZeLE) NRW dvs Netzwerk L\u00e4ndliche R\u00e4ume Europ\u00e4isches Netzwerk f\u00fcr l\u00e4ndliche Entwicklung (ENRD)<\/p>\n","protected":false},"author":1,"featured_media":0,"parent":0,"menu_order":0,"comment_status":"closed","ping_status":"closed","template":"","meta":[],"_links":{"self":[{"href":"http:\/\/regionalforum-nrw.de\/index.php?rest_route=\/wp\/v2\/pages\/135"}],"collection":[{"href":"http:\/\/regionalforum-nrw.de\/index.php?rest_route=\/wp\/v2\/pages"}],"about":[{"href":"http:\/\/regionalforum-nrw.de\/index.php?rest_route=\/wp\/v2\/types\/page"}],"author":[{"embeddable":true,"href":"http:\/\/regionalforum-nrw.de\/index.php?rest_route=\/wp\/v2\/users\/1"}],"replies":[{"embeddable":true,"href":"http:\/\/regionalforum-nrw.de\/index.php?rest_route=%2Fwp%2Fv2%2Fcomments&post=135"}],"version-history":[{"count":2,"href":"http:\/\/regionalforum-nrw.de\/index.php?rest_route=\/wp\/v2\/pages\/135\/revisions"}],"predecessor-version":[{"id":139,"href":"http:\/\/regionalforum-nrw.de\/index.php?rest_route=\/wp\/v2\/pages\/135\/revisions\/139"}],"wp:attachment":[{"href":"http:\/\/regionalforum-nrw.de\/index.php?rest_route=%2Fwp%2Fv2%2Fmedia&parent=135"}],"curies":[{"name":"wp","href":"https:\/\/api.w.org\/{rel}","templated":true}]}}